{"id":366,"date":"2025-06-11T00:50:43","date_gmt":"2025-06-10T22:50:43","guid":{"rendered":"https:\/\/pasieka-kurpik.pl\/?page_id=366"},"modified":"2025-06-12T00:19:00","modified_gmt":"2025-06-11T22:19:00","slug":"o-nas-3","status":"publish","type":"page","link":"https:\/\/pasieka-kurpik.pl\/","title":{"rendered":"O nas &#8211; poprawiona"},"content":{"rendered":"<div id=\"cs-content\" class=\"cs-content\"><div class=\"x-section e366-e1 ma6-0\"><div class=\"x-row x-container max width e366-e2 ma6-4 ma6-5 ma6-7 ma6-8\"><div class=\"x-row-inner\"><div class=\"x-col e366-e3 ma6-b ma6-c\"><span class=\"x-image e366-e4 ma6-e\"><img decoding=\"async\" src=\"https:\/\/pasieka-kurpik.pl\/wp-content\/uploads\/2024\/08\/2024-05-31-12-59-29-DC-GX9-0113-scaled.jpg\" width=\"960\" height=\"1280\" alt=\"Image\" loading=\"lazy\"><\/span><\/div><div class=\"x-col e366-e5 ma6-b ma6-c\"><div class=\"x-text x-content e366-e6 ma6-g ma6-h ma6-i\"><p>Jeste\u015bmy rdzennymi Kurpiami, piel\u0119gnuj\u0105cymi tradycj\u0119 pszczelarsk\u0105 od czterech pokole\u0144. Nasze pasieki rozmieszczone s\u0105 na Kurpiowszczy\u017anie, regionie uznawanym za jeden z najczystszych w Polsce, dbamy o zachowanie tradycyjnego smaku i najwy\u017csz\u0105 jako\u015b\u0107.<\/p><\/div><\/div><\/div><\/div><\/div><div class=\"x-row e366-e7 ma6-4 ma6-6 ma6-9\"><div class=\"x-row-inner\"><a class=\"x-col e366-e8 ma6-b ma6-d ma6-1 ma6-2\" href=\"https:\/\/pasieka-kurpik.pl\/index.php\/2025\/06\/04\/ginace-zawody-w-kadzidle-2025\/\" data-x-effect-provider=\"colors particles effects\" data-x-effect=\"{&quot;durationBase&quot;:&quot;400ms&quot;}\"><figure class=\"x-div e366-e9 ma6-n ma6-o\"><span class=\"x-image e366-e10 ma6-e ma6-f\"><img decoding=\"async\" src=\"https:\/\/pasieka-kurpik.pl\/wp-content\/uploads\/2025\/06\/502640847_1671420320341129_3133663293163170107_n.jpg\" width=\"1000\" height=\"562\" alt=\"Featured image for \u201cGin\u0105ce Zawody w Kadzidle 2025\u201d\" loading=\"lazy\"><\/span><\/figure><article class=\"x-div e366-e11 ma6-o ma6-p\"><div class=\"x-text x-text-headline e366-e12 ma6-q ma6-r ma6-1 ma6-3\"><div class=\"x-text-content\"><div class=\"x-text-content-text\"><h2 class=\"x-text-content-text-primary\">Gin\u0105ce Zawody w Kadzidle 2025<\/h2>\n<\/div><\/div><\/div><div class=\"x-text x-content e366-e13 ma6-h ma6-j ma6-k\">W dniach 3-5 czerwca 2025 w Zagroda Kurpiowska w Kadzidle odbywaj\u0105 si\u0119 ju\u017c XXIV warsztaty etnograficzne &#8222;Gin\u0105ce zawody&#8221;, jeste\u015bmy tam&hellip;<\/div><div class=\"x-text x-text-headline has-graphic e366-e14 ma6-r ma6-s ma6-1 ma6-3\"><div class=\"x-text-content\"><span class=\"x-graphic\" aria-hidden=\"true\"><i class=\"x-icon x-graphic-child x-graphic-icon x-graphic-primary x-flip-y\" aria-hidden=\"true\" data-x-icon-o=\"&#xf2bd;\"><\/i><i class=\"x-icon x-graphic-child x-graphic-icon x-graphic-secondary x-flip-y\" aria-hidden=\"true\" data-x-icon-s=\"&#xf2bd;\"><\/i><\/span><div class=\"x-text-content-text\"><h1 class=\"x-text-content-text-primary\">Grzegorz Nied\u017awiedzki<\/h1>\n<\/div><\/div><\/div><\/article><\/a><a class=\"x-col e366-e8 ma6-b ma6-d ma6-1 ma6-2\" href=\"https:\/\/pasieka-kurpik.pl\/index.php\/2024\/07\/15\/miodobranie-u-nas-w-pasiece-2024\/\" data-x-effect-provider=\"colors particles effects\" data-x-effect=\"{&quot;durationBase&quot;:&quot;400ms&quot;}\"><figure class=\"x-div e366-e9 ma6-n ma6-o\"><span class=\"x-image e366-e10 ma6-e ma6-f\"><img decoding=\"async\" src=\"https:\/\/pasieka-kurpik.pl\/wp-content\/uploads\/2025\/06\/483878213_1609636203186208_4041760291069840380_n.jpg\" width=\"1024\" height=\"576\" alt=\"Featured image for \u201cMiodobranie u nas w pasiece 2024\u201d\" loading=\"lazy\"><\/span><\/figure><article class=\"x-div e366-e11 ma6-o ma6-p\"><div class=\"x-text x-text-headline e366-e12 ma6-q ma6-r ma6-1 ma6-3\"><div class=\"x-text-content\"><div class=\"x-text-content-text\"><h2 class=\"x-text-content-text-primary\">Miodobranie u nas w pasiece 2024<\/h2>\n<\/div><\/div><\/div><div class=\"x-text x-content e366-e13 ma6-h ma6-j ma6-k\">Sezon miodobra\u0144 w naszej pasiece w\u0142a\u015bnie dobieg\u0142 ko\u0144ca. To by\u0142 czas intensywnej pracy, ale ju\u017c wracamy z regularnym dzia\u0142aniem naszego&hellip;<\/div><div class=\"x-text x-text-headline has-graphic e366-e14 ma6-r ma6-s ma6-1 ma6-3\"><div class=\"x-text-content\"><span class=\"x-graphic\" aria-hidden=\"true\"><i class=\"x-icon x-graphic-child x-graphic-icon x-graphic-primary x-flip-y\" aria-hidden=\"true\" data-x-icon-o=\"&#xf2bd;\"><\/i><i class=\"x-icon x-graphic-child x-graphic-icon x-graphic-secondary x-flip-y\" aria-hidden=\"true\" data-x-icon-s=\"&#xf2bd;\"><\/i><\/span><div class=\"x-text-content-text\"><h1 class=\"x-text-content-text-primary\">Grzegorz Nied\u017awiedzki<\/h1>\n<\/div><\/div><\/div><\/article><\/a><a class=\"x-col e366-e8 ma6-b ma6-d ma6-1 ma6-2\" href=\"https:\/\/pasieka-kurpik.pl\/index.php\/2016\/09\/28\/agro-biznes-28-09-2016-wzmianka-o-naszej-pasiece\/\" data-x-effect-provider=\"colors particles effects\" data-x-effect=\"{&quot;durationBase&quot;:&quot;400ms&quot;}\"><figure class=\"x-div e366-e9 ma6-n ma6-o\"><span class=\"x-image e366-e10 ma6-e ma6-f\"><img decoding=\"async\" src=\"https:\/\/pasieka-kurpik.pl\/wp-content\/uploads\/2025\/06\/Zrzut-ekranu-2025-06-15-231325.png\" width=\"780\" height=\"284\" alt=\"Featured image for \u201cAgro-Biznes 28.09.2016 &#8211; wzmianka o naszej pasiece\u201d\" loading=\"lazy\"><\/span><\/figure><article class=\"x-div e366-e11 ma6-o ma6-p\"><div class=\"x-text x-text-headline e366-e12 ma6-q ma6-r ma6-1 ma6-3\"><div class=\"x-text-content\"><div class=\"x-text-content-text\"><h2 class=\"x-text-content-text-primary\">Agro-Biznes 28.09.2016 &#8211; wzmianka o naszej pasiece<\/h2>\n<\/div><\/div><\/div><div class=\"x-text x-content e366-e13 ma6-h ma6-j ma6-k\">Kr\u00f3tki reporta\u017c z nasz\u0105 pasiek\u0105 w Agro-Biznesie 28.09.2016, kt\u00f3ry mo\u017cna obejrze\u0107 na platformie TVP VOD pod tym linkiem https:\/\/vod.tvp.pl\/informacje-i-publicystyka,205\/agrobiznes-odcinki,273904\/odcinek-2997,S01E2997,361252. Zach\u0119cam&hellip;<\/div><div class=\"x-text x-text-headline has-graphic e366-e14 ma6-r ma6-s ma6-1 ma6-3\"><div class=\"x-text-content\"><span class=\"x-graphic\" aria-hidden=\"true\"><i class=\"x-icon x-graphic-child x-graphic-icon x-graphic-primary x-flip-y\" aria-hidden=\"true\" data-x-icon-o=\"&#xf2bd;\"><\/i><i class=\"x-icon x-graphic-child x-graphic-icon x-graphic-secondary x-flip-y\" aria-hidden=\"true\" data-x-icon-s=\"&#xf2bd;\"><\/i><\/span><div class=\"x-text-content-text\"><h1 class=\"x-text-content-text-primary\">Grzegorz Nied\u017awiedzki<\/h1>\n<\/div><\/div><\/div><\/article><\/a><\/div><\/div><div class=\"x-section e366-e15 ma6-0\"><div class=\"x-row x-container max width e366-e16 ma6-4 ma6-5 ma6-7 ma6-a\"><div class=\"x-row-inner\"><div class=\"x-col e366-e17 ma6-b ma6-c\"><div class=\"x-text x-content e366-e18 ma6-g ma6-h ma6-k ma6-l\"><p><em><strong>Pasieka Kurpik<\/strong><\/em><\/p>\n<p><em>Teresa i Czes\u0142aw Nied\u017awiedzcy<\/em><\/p>\n<p><em>ul. M. Konopnickiej 5<\/em><\/p>\n<p><em>07-415 Olszewo-Borki<\/em><\/p>\n<p><strong><em>tel. 503-937-621<\/em><\/strong><\/p><\/div><\/div><div class=\"x-col e366-e19 ma6-b ma6-c\"><div class=\"x-text x-content e366-e20 ma6-g ma6-h ma6-k ma6-m\"><p><em><strong>Pasieka Kurpik Junior<\/strong><\/em><\/p>\n<p><em>Grzegorz Nied\u017awiedzki<\/em><\/p>\n<p><em>ul. M. Konopnickiej 5<\/em><\/p>\n<p><em>07-415 Olszewo-Borki<\/em><\/p>\n<p><strong><em>tel. 502-369-948<\/em><\/strong><\/p><\/div><\/div><\/div><\/div><\/div><\/div>\n","protected":false},"excerpt":{"rendered":"<p>Jeste\u015bmy rdzennymi Kurpiami, piel\u0119gnuj\u0105cymi tradycj\u0119 pszczelarsk\u0105 od czterech pokole\u0144. Nasze pasieki rozmieszczone s\u0105 na Kurpiowszczy\u017anie, regionie uznawanym za jeden z najczystszych w Polsce, dbamy o zachowanie tradycyjnego smaku i najwy\u017csz\u0105 jako\u015b\u0107.Gin\u0105ce Zawody w Kadzidle 2025 W dniach 3-5 czerwca 2025 w Zagroda Kurpiowska w Kadzidle odbywaj\u0105 si\u0119 ju\u017c XXIV warsztaty etnograficzne &#8222;Gin\u0105ce zawody&#8221;, jeste\u015bmy tam&hellip;Grzegorz Nied\u017awiedzki Miodobranie u nas w &#8230; <a href=\"https:\/\/pasieka-kurpik.pl\/\" class=\"more-link\">Read More<\/a><\/p>\n","protected":false},"author":1,"featured_media":0,"parent":0,"menu_order":0,"comment_status":"closed","ping_status":"closed","template":"template-blank-4.php","meta":{"footnotes":""},"class_list":["post-366","page","type-page","status-publish","hentry","no-post-thumbnail"],"_links":{"self":[{"href":"https:\/\/pasieka-kurpik.pl\/index.php\/wp-json\/wp\/v2\/pages\/366","targetHints":{"allow":["GET"]}}],"collection":[{"href":"https:\/\/pasieka-kurpik.pl\/index.php\/wp-json\/wp\/v2\/pages"}],"about":[{"href":"https:\/\/pasieka-kurpik.pl\/index.php\/wp-json\/wp\/v2\/types\/page"}],"author":[{"embeddable":true,"href":"https:\/\/pasieka-kurpik.pl\/index.php\/wp-json\/wp\/v2\/users\/1"}],"replies":[{"embeddable":true,"href":"https:\/\/pasieka-kurpik.pl\/index.php\/wp-json\/wp\/v2\/comments?post=366"}],"version-history":[{"count":5,"href":"https:\/\/pasieka-kurpik.pl\/index.php\/wp-json\/wp\/v2\/pages\/366\/revisions"}],"predecessor-version":[{"id":456,"href":"https:\/\/pasieka-kurpik.pl\/index.php\/wp-json\/wp\/v2\/pages\/366\/revisions\/456"}],"wp:attachment":[{"href":"https:\/\/pasieka-kurpik.pl\/index.php\/wp-json\/wp\/v2\/media?parent=366"}],"curies":[{"name":"wp","href":"https:\/\/api.w.org\/{rel}","templated":true}]}}